{"id":2,"date":"2024-06-19T08:49:24","date_gmt":"2024-06-19T08:49:24","guid":{"rendered":"https:\/\/1718quintademarzovelos.pt\/?page_id=2"},"modified":"2026-01-28T17:30:46","modified_gmt":"2026-01-28T17:30:46","slug":"bem-vindo-a-quinta-de-marzovelos","status":"publish","type":"page","link":"https:\/\/1718quintademarzovelos.pt\/en\/bem-vindo-a-quinta-de-marzovelos\/","title":{"rendered":"Welcome to Quinta de Marzovelos."},"content":{"rendered":"<p>It is a privilege to welcome visitors and share the essence of this place, which for over <strong>300 years<\/strong>, is part of the history of <strong>Viseu<\/strong>.<\/p>\n<p>This project was born within our <strong>family<\/strong> and grew up with a <strong>dedicated team<\/strong>, driven by the desire to open the doors of the farm to the people of Viseu and to all those who arrive here with curiosity about <strong>Gastronomy<\/strong> and by <strong>Beira culture<\/strong>.<\/p>\n<p>In our <strong>Gastronomic Hub<\/strong>, we promote experiences that reveal the traditions, knowledge, and flavors of regional cuisine. At the restaurant <strong>1718<\/strong>, we present a proposal inspired by Beira cuisine, enriched with <strong>author's notes<\/strong> and with fresh products from our <strong>organic garden<\/strong>.<\/p>\n<p>The <strong>parties and celebrations<\/strong> that have marked the life of this house over the centuries continue to be part of our purpose: to create moments that remain in the memory. And for those who wish to extend their stay, our <strong>tourist accommodation rooms<\/strong> offer a peaceful environment, designed for relaxation and experiencing the soul of the farm.<\/p>\n<p>We believe that every visit tells a story \u2014 <strong>simple, authentic, and full of flavor<\/strong>. It will be an honor to be part of yours.<\/p>","protected":false},"excerpt":{"rendered":"<p>\u00c9 um privil\u00e9gio receber quem nos visita e partilhar a ess\u00eancia deste lugar que, h\u00e1 mais de 300 anos, faz parte da hist\u00f3ria de Viseu. Este projeto nasceu no seio da nossa fam\u00edlia e cresceu com uma equipa dedicada, movida pelo desejo de abrir as portas da Quinta aos visienses e a todos os que [&hellip;]<\/p>","protected":false},"author":1,"featured_media":2346,"parent":0,"menu_order":0,"comment_status":"closed","ping_status":"open","template":"page-about.php","meta":{"_acf_changed":false,"footnotes":""},"class_list":["post-2","page","type-page","status-publish","has-post-thumbnail","hentry"],"acf":[],"yoast_head":"<!-- This site is optimized with the Yoast SEO plugin v25.4 - https:\/\/yoast.com\/wordpress\/plugins\/seo\/ -->\n<title>Bem-vindo \u00e0 Quinta de Marzovelos. - Quinta de Marzovelos<\/title>\n<meta name=\"robots\" content=\"index, follow, max-snippet:-1, max-image-preview:large, max-video-preview:-1\" \/>\n<link rel=\"canonical\" href=\"https:\/\/1718quintademarzovelos.pt\/en\/bem-vindo-a-quinta-de-marzovelos\/\" \/>\n<meta property=\"og:locale\" content=\"en_US\" \/>\n<meta property=\"og:type\" content=\"article\" \/>\n<meta property=\"og:title\" content=\"Bem-vindo \u00e0 Quinta de Marzovelos. - Quinta de Marzovelos\" \/>\n<meta property=\"og:description\" content=\"\u00c9 um privil\u00e9gio receber quem nos visita e partilhar a ess\u00eancia deste lugar que, h\u00e1 mais de 300 anos, faz parte da hist\u00f3ria de Viseu. Este projeto nasceu no seio da nossa fam\u00edlia e cresceu com uma equipa dedicada, movida pelo desejo de abrir as portas da Quinta aos visienses e a todos os que [&hellip;]\" \/>\n<meta property=\"og:url\" content=\"https:\/\/1718quintademarzovelos.pt\/en\/bem-vindo-a-quinta-de-marzovelos\/\" \/>\n<meta property=\"og:site_name\" content=\"Quinta de Marzovelos\" \/>\n<meta property=\"article:modified_time\" content=\"2026-01-28T17:30:46+00:00\" \/>\n<meta property=\"og:image\" content=\"https:\/\/1718quintademarzovelos.pt\/wp-content\/uploads\/2026\/01\/WhatsApp-Image-2026-01-15-at-14.38.33-1.jpeg\" \/>\n\t<meta property=\"og:image:width\" content=\"1600\" \/>\n\t<meta property=\"og:image:height\" content=\"1200\" \/>\n\t<meta property=\"og:image:type\" content=\"image\/jpeg\" \/>\n<meta name=\"twitter:card\" content=\"summary_large_image\" \/>\n<meta name=\"twitter:label1\" content=\"Est. reading time\" \/>\n\t<meta name=\"twitter:data1\" content=\"2 minutes\" \/>\n<script type=\"application\/ld+json\" class=\"yoast-schema-graph\">{\"@context\":\"https:\/\/schema.org\",\"@graph\":[{\"@type\":\"WebPage\",\"@id\":\"https:\/\/1718quintademarzovelos.pt\/bem-vindo-a-quinta-de-marzovelos\/\",\"url\":\"https:\/\/1718quintademarzovelos.pt\/bem-vindo-a-quinta-de-marzovelos\/\",\"name\":\"Bem-vindo \u00e0 Quinta de Marzovelos. - Quinta de Marzovelos\",\"isPartOf\":{\"@id\":\"https:\/\/1718quintademarzovelos.pt\/#website\"},\"primaryImageOfPage\":{\"@id\":\"https:\/\/1718quintademarzovelos.pt\/bem-vindo-a-quinta-de-marzovelos\/#primaryimage\"},\"image\":{\"@id\":\"https:\/\/1718quintademarzovelos.pt\/bem-vindo-a-quinta-de-marzovelos\/#primaryimage\"},\"thumbnailUrl\":\"https:\/\/1718quintademarzovelos.pt\/wp-content\/uploads\/2026\/01\/WhatsApp-Image-2026-01-15-at-14.38.33-1.jpeg\",\"datePublished\":\"2024-06-19T08:49:24+00:00\",\"dateModified\":\"2026-01-28T17:30:46+00:00\",\"breadcrumb\":{\"@id\":\"https:\/\/1718quintademarzovelos.pt\/bem-vindo-a-quinta-de-marzovelos\/#breadcrumb\"},\"inLanguage\":\"en-US\",\"potentialAction\":[{\"@type\":\"ReadAction\",\"target\":[\"https:\/\/1718quintademarzovelos.pt\/bem-vindo-a-quinta-de-marzovelos\/\"]}]},{\"@type\":\"ImageObject\",\"inLanguage\":\"en-US\",\"@id\":\"https:\/\/1718quintademarzovelos.pt\/bem-vindo-a-quinta-de-marzovelos\/#primaryimage\",\"url\":\"https:\/\/1718quintademarzovelos.pt\/wp-content\/uploads\/2026\/01\/WhatsApp-Image-2026-01-15-at-14.38.33-1.jpeg\",\"contentUrl\":\"https:\/\/1718quintademarzovelos.pt\/wp-content\/uploads\/2026\/01\/WhatsApp-Image-2026-01-15-at-14.38.33-1.jpeg\",\"width\":1600,\"height\":1200},{\"@type\":\"BreadcrumbList\",\"@id\":\"https:\/\/1718quintademarzovelos.pt\/bem-vindo-a-quinta-de-marzovelos\/#breadcrumb\",\"itemListElement\":[{\"@type\":\"ListItem\",\"position\":1,\"name\":\"In\u00edcio\",\"item\":\"https:\/\/1718quintademarzovelos.pt\/\"},{\"@type\":\"ListItem\",\"position\":2,\"name\":\"Bem-vindo \u00e0 Quinta de Marzovelos.\"}]},{\"@type\":\"WebSite\",\"@id\":\"https:\/\/1718quintademarzovelos.pt\/#website\",\"url\":\"https:\/\/1718quintademarzovelos.pt\/\",\"name\":\"Quinta de Marzovelos\",\"description\":\"Mesas que contam hist\u00f3rias\",\"publisher\":{\"@id\":\"https:\/\/1718quintademarzovelos.pt\/#organization\"},\"potentialAction\":[{\"@type\":\"SearchAction\",\"target\":{\"@type\":\"EntryPoint\",\"urlTemplate\":\"https:\/\/1718quintademarzovelos.pt\/?s={search_term_string}\"},\"query-input\":{\"@type\":\"PropertyValueSpecification\",\"valueRequired\":true,\"valueName\":\"search_term_string\"}}],\"inLanguage\":\"en-US\"},{\"@type\":\"Organization\",\"@id\":\"https:\/\/1718quintademarzovelos.pt\/#organization\",\"name\":\"Quinta de Marzovelos\",\"url\":\"https:\/\/1718quintademarzovelos.pt\/\",\"logo\":{\"@type\":\"ImageObject\",\"inLanguage\":\"en-US\",\"@id\":\"https:\/\/1718quintademarzovelos.pt\/#\/schema\/logo\/image\/\",\"url\":\"https:\/\/1718quintademarzovelos.pt\/wp-content\/uploads\/2025\/12\/cropped-Logo_branco.png\",\"contentUrl\":\"https:\/\/1718quintademarzovelos.pt\/wp-content\/uploads\/2025\/12\/cropped-Logo_branco.png\",\"width\":1024,\"height\":242,\"caption\":\"Quinta de Marzovelos\"},\"image\":{\"@id\":\"https:\/\/1718quintademarzovelos.pt\/#\/schema\/logo\/image\/\"}}]}<\/script>\n<!-- \/ Yoast SEO plugin. -->","yoast_head_json":{"title":"Bem-vindo \u00e0 Quinta de Marzovelos. - Quinta de Marzovelos","robots":{"index":"index","follow":"follow","max-snippet":"max-snippet:-1","max-image-preview":"max-image-preview:large","max-video-preview":"max-video-preview:-1"},"canonical":"https:\/\/1718quintademarzovelos.pt\/en\/bem-vindo-a-quinta-de-marzovelos\/","og_locale":"en_US","og_type":"article","og_title":"Bem-vindo \u00e0 Quinta de Marzovelos. - Quinta de Marzovelos","og_description":"\u00c9 um privil\u00e9gio receber quem nos visita e partilhar a ess\u00eancia deste lugar que, h\u00e1 mais de 300 anos, faz parte da hist\u00f3ria de Viseu. Este projeto nasceu no seio da nossa fam\u00edlia e cresceu com uma equipa dedicada, movida pelo desejo de abrir as portas da Quinta aos visienses e a todos os que [&hellip;]","og_url":"https:\/\/1718quintademarzovelos.pt\/en\/bem-vindo-a-quinta-de-marzovelos\/","og_site_name":"Quinta de Marzovelos","article_modified_time":"2026-01-28T17:30:46+00:00","og_image":[{"width":1600,"height":1200,"url":"https:\/\/1718quintademarzovelos.pt\/wp-content\/uploads\/2026\/01\/WhatsApp-Image-2026-01-15-at-14.38.33-1.jpeg","type":"image\/jpeg"}],"twitter_card":"summary_large_image","twitter_misc":{"Est. reading time":"2 minutes"},"schema":{"@context":"https:\/\/schema.org","@graph":[{"@type":"WebPage","@id":"https:\/\/1718quintademarzovelos.pt\/bem-vindo-a-quinta-de-marzovelos\/","url":"https:\/\/1718quintademarzovelos.pt\/bem-vindo-a-quinta-de-marzovelos\/","name":"Bem-vindo \u00e0 Quinta de Marzovelos. - Quinta de Marzovelos","isPartOf":{"@id":"https:\/\/1718quintademarzovelos.pt\/#website"},"primaryImageOfPage":{"@id":"https:\/\/1718quintademarzovelos.pt\/bem-vindo-a-quinta-de-marzovelos\/#primaryimage"},"image":{"@id":"https:\/\/1718quintademarzovelos.pt\/bem-vindo-a-quinta-de-marzovelos\/#primaryimage"},"thumbnailUrl":"https:\/\/1718quintademarzovelos.pt\/wp-content\/uploads\/2026\/01\/WhatsApp-Image-2026-01-15-at-14.38.33-1.jpeg","datePublished":"2024-06-19T08:49:24+00:00","dateModified":"2026-01-28T17:30:46+00:00","breadcrumb":{"@id":"https:\/\/1718quintademarzovelos.pt\/bem-vindo-a-quinta-de-marzovelos\/#breadcrumb"},"inLanguage":"en-US","potentialAction":[{"@type":"ReadAction","target":["https:\/\/1718quintademarzovelos.pt\/bem-vindo-a-quinta-de-marzovelos\/"]}]},{"@type":"ImageObject","inLanguage":"en-US","@id":"https:\/\/1718quintademarzovelos.pt\/bem-vindo-a-quinta-de-marzovelos\/#primaryimage","url":"https:\/\/1718quintademarzovelos.pt\/wp-content\/uploads\/2026\/01\/WhatsApp-Image-2026-01-15-at-14.38.33-1.jpeg","contentUrl":"https:\/\/1718quintademarzovelos.pt\/wp-content\/uploads\/2026\/01\/WhatsApp-Image-2026-01-15-at-14.38.33-1.jpeg","width":1600,"height":1200},{"@type":"BreadcrumbList","@id":"https:\/\/1718quintademarzovelos.pt\/bem-vindo-a-quinta-de-marzovelos\/#breadcrumb","itemListElement":[{"@type":"ListItem","position":1,"name":"In\u00edcio","item":"https:\/\/1718quintademarzovelos.pt\/"},{"@type":"ListItem","position":2,"name":"Bem-vindo \u00e0 Quinta de Marzovelos."}]},{"@type":"WebSite","@id":"https:\/\/1718quintademarzovelos.pt\/#website","url":"https:\/\/1718quintademarzovelos.pt\/","name":"Quinta de Marzovelos","description":"Mesas que contam hist\u00f3rias","publisher":{"@id":"https:\/\/1718quintademarzovelos.pt\/#organization"},"potentialAction":[{"@type":"SearchAction","target":{"@type":"EntryPoint","urlTemplate":"https:\/\/1718quintademarzovelos.pt\/?s={search_term_string}"},"query-input":{"@type":"PropertyValueSpecification","valueRequired":true,"valueName":"search_term_string"}}],"inLanguage":"en-US"},{"@type":"Organization","@id":"https:\/\/1718quintademarzovelos.pt\/#organization","name":"Quinta de Marzovelos","url":"https:\/\/1718quintademarzovelos.pt\/","logo":{"@type":"ImageObject","inLanguage":"en-US","@id":"https:\/\/1718quintademarzovelos.pt\/#\/schema\/logo\/image\/","url":"https:\/\/1718quintademarzovelos.pt\/wp-content\/uploads\/2025\/12\/cropped-Logo_branco.png","contentUrl":"https:\/\/1718quintademarzovelos.pt\/wp-content\/uploads\/2025\/12\/cropped-Logo_branco.png","width":1024,"height":242,"caption":"Quinta de Marzovelos"},"image":{"@id":"https:\/\/1718quintademarzovelos.pt\/#\/schema\/logo\/image\/"}}]}},"_links":{"self":[{"href":"https:\/\/1718quintademarzovelos.pt\/en\/wp-json\/wp\/v2\/pages\/2","targetHints":{"allow":["GET"]}}],"collection":[{"href":"https:\/\/1718quintademarzovelos.pt\/en\/wp-json\/wp\/v2\/pages"}],"about":[{"href":"https:\/\/1718quintademarzovelos.pt\/en\/wp-json\/wp\/v2\/types\/page"}],"author":[{"embeddable":true,"href":"https:\/\/1718quintademarzovelos.pt\/en\/wp-json\/wp\/v2\/users\/1"}],"replies":[{"embeddable":true,"href":"https:\/\/1718quintademarzovelos.pt\/en\/wp-json\/wp\/v2\/comments?post=2"}],"version-history":[{"count":87,"href":"https:\/\/1718quintademarzovelos.pt\/en\/wp-json\/wp\/v2\/pages\/2\/revisions"}],"predecessor-version":[{"id":2361,"href":"https:\/\/1718quintademarzovelos.pt\/en\/wp-json\/wp\/v2\/pages\/2\/revisions\/2361"}],"wp:featuredmedia":[{"embeddable":true,"href":"https:\/\/1718quintademarzovelos.pt\/en\/wp-json\/wp\/v2\/media\/2346"}],"wp:attachment":[{"href":"https:\/\/1718quintademarzovelos.pt\/en\/wp-json\/wp\/v2\/media?parent=2"}],"curies":[{"name":"wp","href":"https:\/\/api.w.org\/{rel}","templated":true}]}}